{"id":273,"date":"2020-08-10T16:57:55","date_gmt":"2020-08-10T14:57:55","guid":{"rendered":"http:\/\/box5575.temp.domains\/~ttcmeerd\/?page_id=273"},"modified":"2025-10-31T14:15:14","modified_gmt":"2025-10-31T12:15:14","slug":"lid-worden","status":"publish","type":"page","link":"https:\/\/ttcmeerdaalleuven.be\/?page_id=273","title":{"rendered":"Lid worden"},"content":{"rendered":"\t\t<div data-elementor-type=\"wp-post\" data-elementor-id=\"273\" class=\"elementor elementor-273\">\n\t\t\t\t\t\t<section class=\"elementor-section elementor-top-section elementor-element elementor-element-02812f8 elementor-section-boxed elementor-section-height-default elementor-section-height-default\" data-id=\"02812f8\" data-element_type=\"section\" data-e-type=\"section\">\n\t\t\t\t\t\t<div class=\"elementor-container elementor-column-gap-default\">\n\t\t\t\t\t<div class=\"elementor-column elementor-col-100 elementor-top-column elementor-element elementor-element-0d913a5\" data-id=\"0d913a5\" data-element_type=\"column\" data-e-type=\"column\">\n\t\t\t<div class=\"elementor-widget-wrap elementor-element-populated\">\n\t\t\t\t\t\t<div class=\"elementor-element elementor-element-ea51a1e elementor-tabs-view-vertical elementor-widget elementor-widget-tabs\" data-id=\"ea51a1e\" data-element_type=\"widget\" data-e-type=\"widget\" data-widget_type=\"tabs.default\">\n\t\t\t\t<div class=\"elementor-widget-container\">\n\t\t\t\t\t\t\t<div class=\"elementor-tabs\">\n\t\t\t<div class=\"elementor-tabs-wrapper\" role=\"tablist\" >\n\t\t\t\t\t\t\t\t\t<div id=\"elementor-tab-title-2451\" class=\"elementor-tab-title elementor-tab-desktop-title\" aria-selected=\"true\" data-tab=\"1\" role=\"tab\" tabindex=\"0\" aria-controls=\"elementor-tab-content-2451\" aria-expanded=\"false\">Wie kan er lid worden?<\/div>\n\t\t\t\t\t\t\t\t\t<div id=\"elementor-tab-title-2452\" class=\"elementor-tab-title elementor-tab-desktop-title\" aria-selected=\"false\" data-tab=\"2\" role=\"tab\" tabindex=\"-1\" aria-controls=\"elementor-tab-content-2452\" aria-expanded=\"false\">Hoe kan ik mij aansluiten?<\/div>\n\t\t\t\t\t\t\t\t\t<div id=\"elementor-tab-title-2453\" class=\"elementor-tab-title elementor-tab-desktop-title\" aria-selected=\"false\" data-tab=\"3\" role=\"tab\" tabindex=\"-1\" aria-controls=\"elementor-tab-content-2453\" aria-expanded=\"false\">Wanneer kan ik mij aansluiten?<\/div>\n\t\t\t\t\t\t\t\t\t<div id=\"elementor-tab-title-2454\" class=\"elementor-tab-title elementor-tab-desktop-title\" aria-selected=\"false\" data-tab=\"4\" role=\"tab\" tabindex=\"-1\" aria-controls=\"elementor-tab-content-2454\" aria-expanded=\"false\">Hoeveel bedraagt mijn lidgeld?<\/div>\n\t\t\t\t\t\t\t\t\t<div id=\"elementor-tab-title-2455\" class=\"elementor-tab-title elementor-tab-desktop-title\" aria-selected=\"false\" data-tab=\"5\" role=\"tab\" tabindex=\"-1\" aria-controls=\"elementor-tab-content-2455\" aria-expanded=\"false\">Wat zit er in het lidgeld?<\/div>\n\t\t\t\t\t\t\t\t\t<div id=\"elementor-tab-title-2456\" class=\"elementor-tab-title elementor-tab-desktop-title\" aria-selected=\"false\" data-tab=\"6\" role=\"tab\" tabindex=\"-1\" aria-controls=\"elementor-tab-content-2456\" aria-expanded=\"false\">Kortingen<\/div>\n\t\t\t\t\t\t\t\t\t<div id=\"elementor-tab-title-2457\" class=\"elementor-tab-title elementor-tab-desktop-title\" aria-selected=\"false\" data-tab=\"7\" role=\"tab\" tabindex=\"-1\" aria-controls=\"elementor-tab-content-2457\" aria-expanded=\"false\">Wanneer en waar gaan de trainingen door<\/div>\n\t\t\t\t\t\t\t\t\t<div id=\"elementor-tab-title-2458\" class=\"elementor-tab-title elementor-tab-desktop-title\" aria-selected=\"false\" data-tab=\"8\" role=\"tab\" tabindex=\"-1\" aria-controls=\"elementor-tab-content-2458\" aria-expanded=\"false\">Welk materiaal heb ik nodig?<\/div>\n\t\t\t\t\t\t\t<\/div>\n\t\t\t<div class=\"elementor-tabs-content-wrapper\" role=\"tablist\" aria-orientation=\"vertical\">\n\t\t\t\t\t\t\t\t\t<div class=\"elementor-tab-title elementor-tab-mobile-title\" aria-selected=\"true\" data-tab=\"1\" role=\"tab\" tabindex=\"0\" aria-controls=\"elementor-tab-content-2451\" aria-expanded=\"false\">Wie kan er lid worden?<\/div>\n\t\t\t\t\t<div id=\"elementor-tab-content-2451\" class=\"elementor-tab-content elementor-clearfix\" data-tab=\"1\" role=\"tabpanel\" aria-labelledby=\"elementor-tab-title-2451\" tabindex=\"0\" hidden=\"false\"><p><strong>Iedereen kan zich aansluiten<\/strong> bij onze club. Er is vrije training op dinsdag en donderdag. Daarnaast voorzien we begeleide trainingen voor alle leeftijden en niveau\u2019s. Zie verder voor alle informatie omtrent trainingsgroepen en -uren.\u00a0<\/p><p><span style=\"text-decoration: underline;\"><strong>Opgelet:<\/strong><\/span> de volgende trainingen zijn reeds volzet: basis -12, basis +12, seniors C, Start 2 Ping, seniors B, seniors A<\/p><p><strong>Heb je nog nooit echt gespeeld en ben je 18 jaar of ouder?<\/strong> Dan raden we je zeer sterk aan eerst een <strong>Start 2 Ping<\/strong> reeks te volgen.<\/p><\/div>\n\t\t\t\t\t\t\t\t\t<div class=\"elementor-tab-title elementor-tab-mobile-title\" aria-selected=\"false\" data-tab=\"2\" role=\"tab\" tabindex=\"-1\" aria-controls=\"elementor-tab-content-2452\" aria-expanded=\"false\">Hoe kan ik mij aansluiten?<\/div>\n\t\t\t\t\t<div id=\"elementor-tab-content-2452\" class=\"elementor-tab-content elementor-clearfix\" data-tab=\"2\" role=\"tabpanel\" aria-labelledby=\"elementor-tab-title-2452\" tabindex=\"0\" hidden=\"hidden\"><p>Je kan enkel bij onze club komen spelen en trainen als je je <strong>inschrijft<\/strong>. Dit geldt ook voor de <strong>vrije trainingen<\/strong>. Het <a href=\"https:\/\/docs.google.com\/forms\/d\/e\/1FAIpQLSfkddUuLeqAVAzadtHeQZ7cryK9_l_pyRBwz0Sgm4UgHtt1YQ\/viewform\">inschrijvingsformulier<\/a> vind je <a href=\"https:\/\/docs.google.com\/forms\/d\/e\/1FAIpQLSfkddUuLeqAVAzadtHeQZ7cryK9_l_pyRBwz0Sgm4UgHtt1YQ\/viewform\">hier<\/a>.<\/p><p>Als je voor begeleide training kiest, wordt de gepaste trainingsgroep gekozen op basis van je niveau en leeftijd. Voor de jeugdgroepen start iedereen in principe in de basisgroep \u2013 afhankelijk van motivatie en aanleg kan je dan eventueel nog doorschuiven naar \u00e9\u00e9n van de selectiegroepen.<\/p><p>Na inschrijven krijg je een bevestigingsmail met alle details &#8211; let wel: dat kan enkele dagen tot \u00e9\u00e9n week duren. Je kan steeds \u00e9\u00e9n proefles volgen (m.u.v. de Start 2 Ping).<\/p><p><strong>Opgelet 1:<\/strong> Zowel om capaciteitsredenen als om de kwaliteit van de trainingen te waarborgen moeten we het aantal inschrijvingen per training beperken. Sommige groepen zijn sneller volzet dan andere. Wij kijken we naar de betalingsdatum om de volgorde te bepalen. In heel uitzonderlijke gevallen (als er tegelijk heel veel mensen registreren \u00e9n betalen) kan het zijn dat je na je betaling toch bericht krijgt dat er geen plaats meer is op de training. In dat geval krijg je uiteraard je geld terug. Als je dus zeker bent dat je zal blijven komen, stel je betaling dan niet uit.<\/p><p><strong>Opgelet 2: <\/strong>Was je afgelopen seizoen lid van onze club?<b> <\/b>Dan hoef je het formulier niet opnieuw in te vullen. Op het einde van het seizoen krijg je van ons bericht, daarin kan je aangeven of je al dan niet lid blijft, waarna je enkel nog het lidgeld moet betalen. Controleer wel <a href=\"https:\/\/ttcmeerdaalleuven.be\/wp-content\/static\/viewdata.html?action=GetID\">hier<\/a> of je <strong>gegevens<\/strong> nog correct zijn en verbeter ze indien nodig.<\/p><\/div>\n\t\t\t\t\t\t\t\t\t<div class=\"elementor-tab-title elementor-tab-mobile-title\" aria-selected=\"false\" data-tab=\"3\" role=\"tab\" tabindex=\"-1\" aria-controls=\"elementor-tab-content-2453\" aria-expanded=\"false\">Wanneer kan ik mij aansluiten?<\/div>\n\t\t\t\t\t<div id=\"elementor-tab-content-2453\" class=\"elementor-tab-content elementor-clearfix\" data-tab=\"3\" role=\"tabpanel\" aria-labelledby=\"elementor-tab-title-2453\" tabindex=\"0\" hidden=\"hidden\"><p>Je kan het <strong>hele jaar door<\/strong> aansluiten. Het <span style=\"text-decoration: underline;\">seizoen start vanaf midden augustus en eindigt eind juni<\/span>. In die periode kan je als lid vrij spelen op dinsdag en donderdag.<\/p><p>De meeste trainingen beginnen vanaf september en eindigen midden mei. Bij het begin van het seizoen krijgt elke groep een mail van de trainer met specifieke informatie voor die training.<\/p><p><strong>OPGELET 1:<\/strong> sommige trainingsgroepen zijn vrij snel volzet, dit wordt dan steeds aangegeven. Je kan dan nog steeds lid worden en vrij komen spelen, maar je kan in principe niet meer aansluiten bij deze trainingsgroepen. Je wordt wel op een wachtlijst geplaatst en we laten je weten als er toch nog plaats vrij is in jouw training.<\/p><p><strong>OPGELET 2:<\/strong> het kan gebeuren dat trainingsuren wijzigen in de loop van het seizoen. Uiteraard gebeurt dat in overleg met alle betrokkenen.<\/p><\/div>\n\t\t\t\t\t\t\t\t\t<div class=\"elementor-tab-title elementor-tab-mobile-title\" aria-selected=\"false\" data-tab=\"4\" role=\"tab\" tabindex=\"-1\" aria-controls=\"elementor-tab-content-2454\" aria-expanded=\"false\">Hoeveel bedraagt mijn lidgeld?<\/div>\n\t\t\t\t\t<div id=\"elementor-tab-content-2454\" class=\"elementor-tab-content elementor-clearfix\" data-tab=\"4\" role=\"tabpanel\" aria-labelledby=\"elementor-tab-title-2454\" tabindex=\"0\" hidden=\"hidden\"><p><strong>Betaling van het lidgeld<\/strong><\/p><p>Na inschrijving ontvang je een e-mail met het bedrag van je lidgeld en de betalingsgegevens. Je vindt deze informatie ook hieronder.<\/p><p><strong>Rekeningnummer<\/strong>: BE17 7350 4713 5621 <br \/><strong>Mededeling<\/strong>: Lidgeld &lt;naam van het lid&gt;<br \/><strong>Lidgeld per categorie<\/strong><\/p><ul><li>Jeugdspelers (geboren in 2007 of later): \u20ac 140<\/li><li>Seniors m\u00e9t competitie: \u20ac 150<\/li><li>Seniors zonder competitie: \u20ac 120<\/li><li>Studenten andere club: \u20ac 60<\/li><li>Start2Ping: \u20ac 60 (geen proefperiode)<\/li><li><span>Multimove (geboortejaar 2018-2021): \u20ac 75<br \/><\/span><\/li><li><span>Mini Ping (geboortejaar 2018 of 2019): \u20ac 75<br \/><\/span><\/li><li><span>Multimove en Mini Ping: \u20ac 140<\/span><\/li><\/ul><p><strong>Terugbetaling bij ziekte of ongeval<\/strong><\/p><p>Als je in de eerste maanden van je lidmaatschap gekwetst raakt en out bent voor de rest van het seizoen voorzien we een (gedeeltelijke) terugbetaling van je lidgeld. Stuur in dit geval een mailtje naar <a href=\"mailto:info@meerdaal.be\">info@meerdaal.be<\/a>.<\/p><\/div>\n\t\t\t\t\t\t\t\t\t<div class=\"elementor-tab-title elementor-tab-mobile-title\" aria-selected=\"false\" data-tab=\"5\" role=\"tab\" tabindex=\"-1\" aria-controls=\"elementor-tab-content-2455\" aria-expanded=\"false\">Wat zit er in het lidgeld?<\/div>\n\t\t\t\t\t<div id=\"elementor-tab-content-2455\" class=\"elementor-tab-content elementor-clearfix\" data-tab=\"5\" role=\"tabpanel\" aria-labelledby=\"elementor-tab-title-2455\" tabindex=\"0\" hidden=\"hidden\"><ul><li><span>Toegang tot geleide training (tot zo lang de trainingen niet volzet zijn &#8211; onze zaal is beperkt tot maximaal 34 personen tegelijk)<\/span><\/li><li>Toegang tot de vrije training <span>(indien er geleide trainingen doorgaan hebben deze uiteraard voorrang)<\/span><\/li><li><span>Verzekering (competitiespelers zijn verzekerd bij Ethias en de niet competitiespelers bij KBC)<\/span><\/li><li>Lidgeld van de Vlaamse Tafel Tennis Liga (enkel voor competitiespelers)<\/li><li><span>Competitie t-shirt TTC Meerdaal (enkel voor competitiespelers)<\/span><\/li><li><span>Deelname aan clubactiviteiten zoals: clubkampioenschap en Kerst Familie Dubbel Toernooi<\/span><\/li><\/ul><\/div>\n\t\t\t\t\t\t\t\t\t<div class=\"elementor-tab-title elementor-tab-mobile-title\" aria-selected=\"false\" data-tab=\"6\" role=\"tab\" tabindex=\"-1\" aria-controls=\"elementor-tab-content-2456\" aria-expanded=\"false\">Kortingen<\/div>\n\t\t\t\t\t<div id=\"elementor-tab-content-2456\" class=\"elementor-tab-content elementor-clearfix\" data-tab=\"6\" role=\"tabpanel\" aria-labelledby=\"elementor-tab-title-2456\" tabindex=\"0\" hidden=\"hidden\"><p>Heb je<span>\u00a0<\/span><strong>familieleden<\/strong><span>\u00a0<\/span>die lid zijn van de club dan heb je recht op een<span>\u00a0<\/span><strong>korting<\/strong>:<\/p><ul><li>\u20ac 10 korting voor het tweede, derde en volgende lid van hetzelfde gezin op hetzelfde adres<\/li><\/ul><p>Indien je na 1 januari inschrijft betaal je 50% van het lidgeld. Hierop heb je geen familie korting. De familiekorting geldt ook niet voor Start2Ping en voor studenten die aangesloten zijn bij een\u00a0andere\u00a0club<\/p><p><strong>Terugbetaling mutualiteiten<\/strong><\/p><p>Veel<span>\u00a0<\/span><strong>mutualiteiten<\/strong><span>\u00a0<\/span>voorzien een<span>\u00a0<\/span><strong>terugbetaling<\/strong><span>\u00a0<\/span>als je lid bent van een sportclub. Vraag dit zeker na bij de jouwe. Jaarlijks ontvangen onze leden hiervoor automatisch een formulier. Je mag dit in je mailbox verwachten ten laatste eind januari. Voor de terugbetaling volstaat het dit formulier aan je mutualiteit te bezorgen. Je hoeft zelf geen formulier aan ons te bezorgen om in te vullen.<\/p><p><strong>UITPAS<\/strong><\/p><p>We zijn ook<span>\u00a0<\/span><strong>lid van de UiTPAS<\/strong>, hetgeen betekent dat indien je het kansenstatuut hebt van de Stad Leuven, je 80% korting krijgt op het lidgeld. Vermeld dit zeker bij inschrijving (discretie verzekerd).<\/p><\/div>\n\t\t\t\t\t\t\t\t\t<div class=\"elementor-tab-title elementor-tab-mobile-title\" aria-selected=\"false\" data-tab=\"7\" role=\"tab\" tabindex=\"-1\" aria-controls=\"elementor-tab-content-2457\" aria-expanded=\"false\">Wanneer en waar gaan de trainingen door<\/div>\n\t\t\t\t\t<div id=\"elementor-tab-content-2457\" class=\"elementor-tab-content elementor-clearfix\" data-tab=\"7\" role=\"tabpanel\" aria-labelledby=\"elementor-tab-title-2457\" tabindex=\"0\" hidden=\"hidden\"><p>De uren van alle trainingen vind je <a href=\"https:\/\/ttcmeerdaalleuven.be\/?page_id=61\">hier<\/a>.\u00a0<\/p><p><span>De trainingen gaan door in de <strong>sporthal van het VTI<\/strong> (Dekenstraat 3 in Leuven). Om binnen te geraken ga je door de grote ijzeren poort in de Braban\u00e7onnestraat. Aangekomen op de speelplaats ga je meteen helemaal naar links. Daarna ga je binnen door de dubbele deur. Volg de gang naar links tot aan de trap. Neem de trap omhoog, op de eerste verdieping achter de rode deur ligt de sporthal.<\/span><\/p><\/div>\n\t\t\t\t\t\t\t\t\t<div class=\"elementor-tab-title elementor-tab-mobile-title\" aria-selected=\"false\" data-tab=\"8\" role=\"tab\" tabindex=\"-1\" aria-controls=\"elementor-tab-content-2458\" aria-expanded=\"false\">Welk materiaal heb ik nodig?<\/div>\n\t\t\t\t\t<div id=\"elementor-tab-content-2458\" class=\"elementor-tab-content elementor-clearfix\" data-tab=\"8\" role=\"tabpanel\" aria-labelledby=\"elementor-tab-title-2458\" tabindex=\"0\" hidden=\"hidden\"><p>Je kan een <strong>palet<\/strong> in de club lenen als je er zelf geen hebt. Als je besluit om verder te doen, kunnen de trainers mee assisteren om een palet aan te schaffen voor een zeer redelijke prijs. <strong>Koop er voorlopig best nog geen<\/strong>, want er zijn veel paletten te koop in de winkels waarmee het onmogelijk is om een correcte techniek aan te leren.<\/p><p>Via de club kan je een palletje voor beginners (\u20ac40) en een beschermhoesje (\u20ac10) aankopen.<\/p><p>Voor de rest volstaat <strong>gewone sportkledij<\/strong> en (indoor) <strong>sportschoenen<\/strong>, genre badminton schoenen. Schoenen met hoge zool zijn minder geschikt, deze zijn minder stabiel bij zijdelingse bewegingen.<\/p><\/div>\n\t\t\t\t\t\t\t<\/div>\n\t\t<\/div>\n\t\t\t\t\t\t<\/div>\n\t\t\t\t<\/div>\n\t\t\t\t\t<\/div>\n\t\t<\/div>\n\t\t\t\t\t<\/div>\n\t\t<\/section>\n\t\t\t\t<section class=\"elementor-section elementor-top-section elementor-element elementor-element-775b962 elementor-section-boxed elementor-section-height-default elementor-section-height-default\" data-id=\"775b962\" data-element_type=\"section\" data-e-type=\"section\">\n\t\t\t\t\t\t<div class=\"elementor-container elementor-column-gap-default\">\n\t\t\t\t\t<div class=\"elementor-column elementor-col-100 elementor-top-column elementor-element elementor-element-065a646\" data-id=\"065a646\" data-element_type=\"column\" data-e-type=\"column\">\n\t\t\t<div class=\"elementor-widget-wrap elementor-element-populated\">\n\t\t\t\t\t\t<div class=\"elementor-element elementor-element-8b2303f elementor-widget elementor-widget-text-editor\" data-id=\"8b2303f\" data-element_type=\"widget\" data-e-type=\"widget\" data-widget_type=\"text-editor.default\">\n\t\t\t\t<div class=\"elementor-widget-container\">\n\t\t\t\t\t\t\t\t\t<p><strong style=\"font-family: inherit;\">Heb je nog vragen?<\/strong><\/p><p>Stuur een mailtje naar <a href=\"mailto:info@meerdaal.be\">info@meerdaal.be<\/a> als je nog verdere vragen zou hebben.<\/p><p>Hopelijk tot op \u00e9\u00e9n van de trainingen!<\/p>\t\t\t\t\t\t\t\t<\/div>\n\t\t\t\t<\/div>\n\t\t\t\t\t<\/div>\n\t\t<\/div>\n\t\t\t\t\t<\/div>\n\t\t<\/section>\n\t\t\t\t<\/div>\n\t\t","protected":false},"excerpt":{"rendered":"<p>Wie kan er lid worden? Hoe kan ik mij aansluiten? Wanneer kan ik mij aansluiten? Hoeveel bedraagt mijn lidgeld? Wat zit er in het lidgeld? Kortingen Wanneer en waar gaan de trainingen door Welk materiaal heb ik nodig? Wie kan er lid worden? Iedereen kan zich aansluiten bij onze club.<a class=\"moretag\" href=\"https:\/\/ttcmeerdaalleuven.be\/?page_id=273\"> Lees meer<\/a><\/p>\n","protected":false},"author":1,"featured_media":605,"parent":0,"menu_order":0,"comment_status":"closed","ping_status":"closed","template":"","meta":{"footnotes":""},"class_list":["post-273","page","type-page","status-publish","has-post-thumbnail","hentry"],"jetpack_sharing_enabled":true,"_links":{"self":[{"href":"https:\/\/ttcmeerdaalleuven.be\/index.php?rest_route=\/wp\/v2\/pages\/273","targetHints":{"allow":["GET"]}}],"collection":[{"href":"https:\/\/ttcmeerdaalleuven.be\/index.php?rest_route=\/wp\/v2\/pages"}],"about":[{"href":"https:\/\/ttcmeerdaalleuven.be\/index.php?rest_route=\/wp\/v2\/types\/page"}],"author":[{"embeddable":true,"href":"https:\/\/ttcmeerdaalleuven.be\/index.php?rest_route=\/wp\/v2\/users\/1"}],"replies":[{"embeddable":true,"href":"https:\/\/ttcmeerdaalleuven.be\/index.php?rest_route=%2Fwp%2Fv2%2Fcomments&post=273"}],"version-history":[{"count":5,"href":"https:\/\/ttcmeerdaalleuven.be\/index.php?rest_route=\/wp\/v2\/pages\/273\/revisions"}],"predecessor-version":[{"id":3116,"href":"https:\/\/ttcmeerdaalleuven.be\/index.php?rest_route=\/wp\/v2\/pages\/273\/revisions\/3116"}],"wp:featuredmedia":[{"embeddable":true,"href":"https:\/\/ttcmeerdaalleuven.be\/index.php?rest_route=\/wp\/v2\/media\/605"}],"wp:attachment":[{"href":"https:\/\/ttcmeerdaalleuven.be\/index.php?rest_route=%2Fwp%2Fv2%2Fmedia&parent=273"}],"curies":[{"name":"wp","href":"https:\/\/api.w.org\/{rel}","templated":true}]}}